{"id":805,"date":"2021-12-08T14:38:21","date_gmt":"2021-12-08T14:38:21","guid":{"rendered":"https:\/\/le-lien-lumineux.ch\/?page_id=805"},"modified":"2022-08-17T11:50:49","modified_gmt":"2022-08-17T11:50:49","slug":"formulaire-rdv-cabinet","status":"publish","type":"page","link":"https:\/\/le-lien-lumineux.ch\/en\/rendez-vous\/formulaire-rdv-cabinet\/","title":{"rendered":"RDV &#8211; cabinet"},"content":{"rendered":"<div data-elementor-type=\"wp-page\" data-elementor-id=\"805\" class=\"elementor elementor-805\">\n\t\t\t\t\t\t<section class=\"elementor-section elementor-top-section elementor-element elementor-element-c89c61e elementor-section-boxed elementor-section-height-default elementor-section-height-default\" data-id=\"c89c61e\" data-element_type=\"section\">\n\t\t\t\t\t\t<div class=\"elementor-container elementor-column-gap-default\">\n\t\t\t\t\t<div class=\"elementor-column elementor-col-100 elementor-top-column elementor-element elementor-element-6db9888\" data-id=\"6db9888\" data-element_type=\"column\">\n\t\t\t<div class=\"elementor-widget-wrap elementor-element-populated\">\n\t\t\t\t\t\t<div class=\"elementor-element elementor-element-e5e47a5 premium-lottie-svg elementor-widget elementor-widget-premium-lottie\" data-id=\"e5e47a5\" data-element_type=\"widget\" data-settings=\"{&quot;lottie_file&quot;:{&quot;url&quot;:&quot;http:\\\/\\\/le-lien-lumineux.ch\\\/wp-content\\\/uploads\\\/2021\\\/12\\\/43962-calendar-appointment.json&quot;,&quot;id&quot;:830,&quot;size&quot;:&quot;&quot;,&quot;alt&quot;:&quot;&quot;,&quot;source&quot;:&quot;library&quot;}}\" data-widget_type=\"premium-lottie.default\">\n\t\t\t\t<div class=\"elementor-widget-container\">\n\t\t\t\n\t\t<div class=\"premium-lottie-animation\" data-lottie-url=\"http:\/\/le-lien-lumineux.ch\/wp-content\/uploads\/2021\/12\/43962-calendar-appointment.json\" data-lottie-loop=\"true\" data-lottie-reverse=\"\" data-lottie-hover=\"\" data-lottie-speed=\"1\" data-lottie-render=\"svg\">\n\t\t\t\t\t<\/div>\n\n\t\t\t\t<\/div>\n\t\t\t\t<\/div>\n\t\t\t\t<div class=\"elementor-element elementor-element-c5d591f elementor-widget elementor-widget-text-editor\" data-id=\"c5d591f\" data-element_type=\"widget\" data-widget_type=\"text-editor.default\">\n\t\t\t\t<div class=\"elementor-widget-container\">\n\t\t\t\t\t\t\t<p>Make an appointment: in the office\u00a0<\/p><p>NEW: last appointment is at 7pm<\/p>\t\t\t\t\t\t<\/div>\n\t\t\t\t<\/div>\n\t\t\t\t<div class=\"elementor-element elementor-element-9ef953d elementor-widget elementor-widget-text-editor\" data-id=\"9ef953d\" data-element_type=\"widget\" data-widget_type=\"text-editor.default\">\n\t\t\t\t<div class=\"elementor-widget-container\">\n\t\t\t\t\t\t\t<p>You will be contacted for the choice of the date<\/p><p>Life sometimes imposes unforeseen circumstances on us. If you have to cancel your appointment, please do so at least 24 hours in advance so that someone else can take advantage of it. Otherwise the session will be charged. Thank you for your understanding.<br><\/p>\t\t\t\t\t\t<\/div>\n\t\t\t\t<\/div>\n\t\t\t\t<div class=\"elementor-element elementor-element-4aa567b elementor-widget-divider--separator-type-pattern elementor-widget-divider--view-line elementor-widget elementor-widget-divider\" data-id=\"4aa567b\" data-element_type=\"widget\" data-widget_type=\"divider.default\">\n\t\t\t\t<div class=\"elementor-widget-container\">\n\t\t\t\t\t<div class=\"elementor-divider\" style=\"--divider-pattern-url: url(&quot;data:image\/svg+xml,%3Csvg xmlns=&#039;http:\/\/www.w3.org\/2000\/svg&#039; preserveAspectRatio=&#039;none&#039; overflow=&#039;visible&#039; height=&#039;100%&#039; viewBox=&#039;0 0 24 24&#039; fill=&#039;none&#039; stroke=&#039;black&#039; stroke-width=&#039;2.5&#039; stroke-linecap=&#039;square&#039; stroke-miterlimit=&#039;10&#039;%3E%3Cpolyline points=&#039;0,18 12,6 24,18 &#039;\/%3E%3C\/svg%3E&quot;);\">\n\t\t\t<span class=\"elementor-divider-separator\">\n\t\t\t\t\t\t<\/span>\n\t\t<\/div>\n\t\t\t\t<\/div>\n\t\t\t\t<\/div>\n\t\t\t\t<div class=\"elementor-element elementor-element-1f6a3d3 elementor-widget elementor-widget-wpforms\" data-id=\"1f6a3d3\" data-element_type=\"widget\" data-widget_type=\"wpforms.default\">\n\t\t\t\t<div class=\"elementor-widget-container\">\n\t\t\t<div class=\"wpforms-container wpforms-container-full\" id=\"wpforms-874\"><form id=\"wpforms-form-874\" class=\"wpforms-validate wpforms-form wpforms-ajax-form\" data-formid=\"874\" method=\"post\" enctype=\"multipart\/form-data\" action=\"\/wp-json\/wp\/v2\/pages\/805\" data-token=\"b67c8a5651689f08ba78b25a28ac4975\" data-token-time=\"1777516392\" data-trp-original-action=\"\/en\/wp-json\/wp\/v2\/pages\/805\"><noscript class=\"wpforms-error-noscript\">Please enable JavaScript in your browser to complete this form.<\/noscript><div class=\"wpforms-field-container\"><div id=\"wpforms-874-field_2-container\" class=\"wpforms-field wpforms-field-text\" data-field-id=\"2\"><label class=\"wpforms-field-label\" for=\"wpforms-874-field_2\">First and last name <span class=\"wpforms-required-label\">*<\/span><\/label><input type=\"text\" id=\"wpforms-874-field_2\" class=\"wpforms-field-large wpforms-field-required\" name=\"wpforms[fields][2]\" required><\/div><div id=\"wpforms-874-field_8-container\" class=\"wpforms-field wpforms-field-text\" data-field-id=\"8\"><label class=\"wpforms-field-label\" for=\"wpforms-874-field_8\">Date of birth <span class=\"wpforms-required-label\">*<\/span><\/label><input type=\"text\" id=\"wpforms-874-field_8\" class=\"wpforms-field-large wpforms-field-required\" name=\"wpforms[fields][8]\" required><\/div><div id=\"wpforms-874-field_1-container\" class=\"wpforms-field wpforms-field-text\" data-field-id=\"1\"><label class=\"wpforms-field-label\" for=\"wpforms-874-field_1\">Phone number <span class=\"wpforms-required-label\">*<\/span><\/label><input type=\"text\" id=\"wpforms-874-field_1\" class=\"wpforms-field-large wpforms-field-required\" name=\"wpforms[fields][1]\" required><\/div><div id=\"wpforms-874-field_4-container\" class=\"wpforms-field wpforms-field-email\" data-field-id=\"4\"><label class=\"wpforms-field-label\" for=\"wpforms-874-field_4\">E-mail<\/label><input type=\"email\" id=\"wpforms-874-field_4\" class=\"wpforms-field-large\" name=\"wpforms[fields][4]\" spellcheck=\"false\" ><\/div><div id=\"wpforms-874-field_5-container\" class=\"wpforms-field wpforms-field-textarea\" data-field-id=\"5\"><label class=\"wpforms-field-label\" for=\"wpforms-874-field_5\">Your availabilities\/message<\/label><textarea id=\"wpforms-874-field_5\" class=\"wpforms-field-large\" name=\"wpforms[fields][5]\" ><\/textarea><\/div><\/div><!-- .wpforms-field-container --><div class=\"wpforms-recaptcha-container wpforms-is-recaptcha wpforms-is-recaptcha-type-v3\" ><input type=\"hidden\" name=\"wpforms[recaptcha]\" value=\"\"><\/div><div class=\"wpforms-submit-container\" ><input type=\"hidden\" name=\"wpforms[id]\" value=\"874\"><input type=\"hidden\" name=\"page_title\" value=\"\"><input type=\"hidden\" name=\"page_url\" value=\"https:\/\/le-lien-lumineux.ch\/en\/wp-json\/wp\/v2\/pages\/805\"><button type=\"submit\" name=\"wpforms[submit]\" id=\"wpforms-submit-874\" class=\"wpforms-submit\" data-alt-text=\"Envoi...\" data-submit-text=\"Envoyer\" aria-live=\"assertive\" value=\"wpforms-submit\">Send<\/button><img decoding=\"async\" data-src=\"https:\/\/le-lien-lumineux.ch\/wp-content\/plugins\/wpforms-lite\/assets\/images\/submit-spin.svg\" class=\"wpforms-submit-spinner lazyload\" style=\"--smush-placeholder-width: 26px; --smush-placeholder-aspect-ratio: 26\/26;display: none;\" width=\"26\" height=\"26\" alt=\"Loading\" src=\"data:image\/gif;base64,R0lGODlhAQABAAAAACH5BAEKAAEALAAAAAABAAEAAAICTAEAOw==\"><noscript><img decoding=\"async\" src=\"https:\/\/le-lien-lumineux.ch\/wp-content\/plugins\/wpforms-lite\/assets\/images\/submit-spin.svg\" class=\"wpforms-submit-spinner\" style=\"display: none;\" width=\"26\" height=\"26\" alt=\"Loading\"><\/noscript><\/div><input type=\"hidden\" name=\"trp-form-language\" value=\"en\"\/><\/form><\/div>  <!-- .wpforms-container -->\t\t<\/div>\n\t\t\t\t<\/div>\n\t\t\t\t\t<\/div>\n\t\t<\/div>\n\t\t\t\t\t<\/div>\n\t\t<\/section>\n\t\t\t\t<section class=\"elementor-section elementor-top-section elementor-element elementor-element-9af3ecb elementor-section-content-middle elementor-section-boxed elementor-section-height-default elementor-section-height-default\" data-id=\"9af3ecb\" data-element_type=\"section\" id=\"footer-main\" data-settings=\"{&quot;background_background&quot;:&quot;classic&quot;}\">\n\t\t\t\t\t\t\t<div class=\"elementor-background-overlay\"><\/div>\n\t\t\t\t\t\t\t<div class=\"elementor-container elementor-column-gap-default\">\n\t\t\t\t\t<div class=\"elementor-column elementor-col-33 elementor-top-column elementor-element elementor-element-d806ef3\" data-id=\"d806ef3\" data-element_type=\"column\">\n\t\t\t<div class=\"elementor-widget-wrap elementor-element-populated\">\n\t\t\t\t\t\t<div class=\"elementor-element elementor-element-f468656 elementor-widget elementor-widget-text-editor\" data-id=\"f468656\" data-element_type=\"widget\" data-widget_type=\"text-editor.default\">\n\t\t\t\t<div class=\"elementor-widget-container\">\n\t\t\t\t\t\t\tUseful links\t\t\t\t\t\t<\/div>\n\t\t\t\t<\/div>\n\t\t\t\t<div class=\"elementor-element elementor-element-492ac2c elementor-widget elementor-widget-text-editor\" data-id=\"492ac2c\" data-element_type=\"widget\" data-widget_type=\"text-editor.default\">\n\t\t\t\t<div class=\"elementor-widget-container\">\n\t\t\t\t\t\t\t<a href=\"https:\/\/le-lien-lumineux.ch\/en\/\">Home<\/a>\t\t\t\t\t\t<\/div>\n\t\t\t\t<\/div>\n\t\t\t\t<div class=\"elementor-element elementor-element-17e1fd5 elementor-widget elementor-widget-text-editor\" data-id=\"17e1fd5\" data-element_type=\"widget\" data-widget_type=\"text-editor.default\">\n\t\t\t\t<div class=\"elementor-widget-container\">\n\t\t\t\t\t\t\t<a href=\"\/en\/qui-suis-je\/\">About me<\/a>\t\t\t\t\t\t<\/div>\n\t\t\t\t<\/div>\n\t\t\t\t<div class=\"elementor-element elementor-element-6e11ca6 elementor-widget elementor-widget-text-editor\" data-id=\"6e11ca6\" data-element_type=\"widget\" data-widget_type=\"text-editor.default\">\n\t\t\t\t<div class=\"elementor-widget-container\">\n\t\t\t\t\t\t\t<a href=\"\/en\/qui-suis-je\/#parcours\">My background<\/a>\t\t\t\t\t\t<\/div>\n\t\t\t\t<\/div>\n\t\t\t\t<div class=\"elementor-element elementor-element-b5f2599 elementor-widget elementor-widget-text-editor\" data-id=\"b5f2599\" data-element_type=\"widget\" data-widget_type=\"text-editor.default\">\n\t\t\t\t<div class=\"elementor-widget-container\">\n\t\t\t\t\t\t\t<a href=\"\/en\/temoignages\/\">Testimonials<\/a>\t\t\t\t\t\t<\/div>\n\t\t\t\t<\/div>\n\t\t\t\t\t<\/div>\n\t\t<\/div>\n\t\t\t\t<div class=\"elementor-column elementor-col-33 elementor-top-column elementor-element elementor-element-9e16b48\" data-id=\"9e16b48\" data-element_type=\"column\">\n\t\t\t<div class=\"elementor-widget-wrap elementor-element-populated\">\n\t\t\t\t\t\t<div class=\"elementor-element elementor-element-b279073 elementor-widget elementor-widget-text-editor\" data-id=\"b279073\" data-element_type=\"widget\" data-widget_type=\"text-editor.default\">\n\t\t\t\t<div class=\"elementor-widget-container\">\n\t\t\t\t\t\t\tCare\t\t\t\t\t\t<\/div>\n\t\t\t\t<\/div>\n\t\t\t\t<div class=\"elementor-element elementor-element-50d798f elementor-widget elementor-widget-text-editor\" data-id=\"50d798f\" data-element_type=\"widget\" data-widget_type=\"text-editor.default\">\n\t\t\t\t<div class=\"elementor-widget-container\">\n\t\t\t\t\t\t\t<a href=\"\/en\/soins\/\">Types of care offered<\/a>\t\t\t\t\t\t<\/div>\n\t\t\t\t<\/div>\n\t\t\t\t<div class=\"elementor-element elementor-element-5f797d7 elementor-widget elementor-widget-text-editor\" data-id=\"5f797d7\" data-element_type=\"widget\" data-widget_type=\"text-editor.default\">\n\t\t\t\t<div class=\"elementor-widget-container\">\n\t\t\t\t\t\t\t<a href=\"\/en\/soins\/#distance\">Remote care\/Distance healing<\/a>\t\t\t\t\t\t<\/div>\n\t\t\t\t<\/div>\n\t\t\t\t<div class=\"elementor-element elementor-element-e30db3d elementor-widget elementor-widget-text-editor\" data-id=\"e30db3d\" data-element_type=\"widget\" data-widget_type=\"text-editor.default\">\n\t\t\t\t<div class=\"elementor-widget-container\">\n\t\t\t\t\t\t\t<a href=\"\/en\/soins\/#prix\">Care prices<\/a>\t\t\t\t\t\t<\/div>\n\t\t\t\t<\/div>\n\t\t\t\t<div class=\"elementor-element elementor-element-e94ecca elementor-widget elementor-widget-text-editor\" data-id=\"e94ecca\" data-element_type=\"widget\" data-widget_type=\"text-editor.default\">\n\t\t\t\t<div class=\"elementor-widget-container\">\n\t\t\t\t\t\t\t<a href=\"\/en\/rendez-vous\/\">Make an appointment<\/a>\t\t\t\t\t\t<\/div>\n\t\t\t\t<\/div>\n\t\t\t\t\t<\/div>\n\t\t<\/div>\n\t\t\t\t<div class=\"elementor-column elementor-col-33 elementor-top-column elementor-element elementor-element-2789b45\" data-id=\"2789b45\" data-element_type=\"column\">\n\t\t\t<div class=\"elementor-widget-wrap elementor-element-populated\">\n\t\t\t\t\t\t<div class=\"elementor-element elementor-element-2b871dc elementor-widget elementor-widget-text-editor\" data-id=\"2b871dc\" data-element_type=\"widget\" data-widget_type=\"text-editor.default\">\n\t\t\t\t<div class=\"elementor-widget-container\">\n\t\t\t\t\t\t\tContact\t\t\t\t\t\t<\/div>\n\t\t\t\t<\/div>\n\t\t\t\t<div class=\"elementor-element elementor-element-bba7a76 elementor-widget elementor-widget-text-editor\" data-id=\"bba7a76\" data-element_type=\"widget\" data-widget_type=\"text-editor.default\">\n\t\t\t\t<div class=\"elementor-widget-container\">\n\t\t\t\t\t\t\t<a href=\"\/en\/contact\/#formulaire\">Contact form<\/a>\t\t\t\t\t\t<\/div>\n\t\t\t\t<\/div>\n\t\t\t\t<div class=\"elementor-element elementor-element-925c2a0 elementor-widget elementor-widget-text-editor\" data-id=\"925c2a0\" data-element_type=\"widget\" data-widget_type=\"text-editor.default\">\n\t\t\t\t<div class=\"elementor-widget-container\">\n\t\t\t\t\t\t\t<a href=\"\/en\/contact\/\">Office address<\/a>\t\t\t\t\t\t<\/div>\n\t\t\t\t<\/div>\n\t\t\t\t<div class=\"elementor-element elementor-element-38e7202 elementor-widget elementor-widget-text-editor\" data-id=\"38e7202\" data-element_type=\"widget\" data-widget_type=\"text-editor.default\">\n\t\t\t\t<div class=\"elementor-widget-container\">\n\t\t\t\t\t\t\t076 537 89 81\t\t\t\t\t\t<\/div>\n\t\t\t\t<\/div>\n\t\t\t\t<div class=\"elementor-element elementor-element-3f5c872 elementor-widget elementor-widget-text-editor\" data-id=\"3f5c872\" data-element_type=\"widget\" data-widget_type=\"text-editor.default\">\n\t\t\t\t<div class=\"elementor-widget-container\">\n\t\t\t\t\t\t\t<a href=\"mailto:cornelia@le-lien-lumineux.ch\">cornelia@le-lien-lumineux.ch<\/a>\t\t\t\t\t\t<\/div>\n\t\t\t\t<\/div>\n\t\t\t\t\t<\/div>\n\t\t<\/div>\n\t\t\t\t\t<\/div>\n\t\t<\/section>\n\t\t\t\t<section class=\"elementor-section elementor-top-section elementor-element elementor-element-bffbd60 elementor-section-content-middle elementor-section-boxed elementor-section-height-default elementor-section-height-default\" data-id=\"bffbd60\" data-element_type=\"section\" data-settings=\"{&quot;background_background&quot;:&quot;classic&quot;}\">\n\t\t\t\t\t\t\t<div class=\"elementor-background-overlay\"><\/div>\n\t\t\t\t\t\t\t<div class=\"elementor-container elementor-column-gap-default\">\n\t\t\t\t\t<div class=\"elementor-column elementor-col-100 elementor-top-column elementor-element elementor-element-fc25798\" data-id=\"fc25798\" data-element_type=\"column\">\n\t\t\t<div class=\"elementor-widget-wrap elementor-element-populated\">\n\t\t\t\t\t\t<div class=\"elementor-element elementor-element-5effca3 elementor-widget elementor-widget-text-editor\" data-id=\"5effca3\" data-element_type=\"widget\" data-widget_type=\"text-editor.default\">\n\t\t\t\t<div class=\"elementor-widget-container\">\n\t\t\t\t\t\t\t\u00a9 Copyright 2021 \u2013 le-lien-lumineux.ch | Website made in Switzerland by <a href=\"http:\/\/fleak-media.com\" target=\"_blank\" rel=\"noopener\"><span style=\"text-decoration: underline;\">Fleak Media<\/span><\/a>\t\t\t\t\t\t<\/div>\n\t\t\t\t<\/div>\n\t\t\t\t\t<\/div>\n\t\t<\/div>\n\t\t\t\t\t<\/div>\n\t\t<\/section>\n\t\t\t\t<\/div>","protected":false},"excerpt":{"rendered":"<p>Prendre rendez-vous : en cabinet\u00a0 NOUVEAU: derni\u00e8re prise de rdv \u00e0 19h Vous serez recontact\u00e9 pour le choix de la date La vie nous impose par moment des impr\u00e9vus. Si vous \u00eates oblig\u00e9 d&rsquo;annuler votre rendez-vous, merci de le faire au moins 24h \u00e0 l&rsquo;avance pour que quelqu&rsquo;un d&rsquo;autre puisse en profiter. Dans le cas [&hellip;]<\/p>","protected":false},"author":1,"featured_media":0,"parent":133,"menu_order":0,"comment_status":"closed","ping_status":"closed","template":"elementor_header_footer","meta":{"_acf_changed":false,"footnotes":""},"class_list":["post-805","page","type-page","status-publish","hentry"],"acf":[],"yoast_head":"<!-- This site is optimized with the Yoast SEO plugin v27.5 - https:\/\/yoast.com\/product\/yoast-seo-wordpress\/ -->\n<title>RDV - cabinet - Le lien lumineux - Cornelia Grossenbacher<\/title>\n<meta name=\"robots\" content=\"index, follow, max-snippet:-1, max-image-preview:large, max-video-preview:-1\" \/>\n<link rel=\"canonical\" href=\"https:\/\/le-lien-lumineux.ch\/en\/rendez-vous\/formulaire-rdv-cabinet\/\" \/>\n<meta property=\"og:locale\" content=\"en_GB\" \/>\n<meta property=\"og:type\" content=\"article\" \/>\n<meta property=\"og:title\" content=\"RDV - cabinet - Le lien lumineux - Cornelia Grossenbacher\" \/>\n<meta property=\"og:description\" content=\"Prendre rendez-vous : en cabinet\u00a0 NOUVEAU: derni\u00e8re prise de rdv \u00e0 19h Vous serez recontact\u00e9 pour le choix de la date La vie nous impose par moment des impr\u00e9vus. Si vous \u00eates oblig\u00e9 d&rsquo;annuler votre rendez-vous, merci de le faire au moins 24h \u00e0 l&rsquo;avance pour que quelqu&rsquo;un d&rsquo;autre puisse en profiter. Dans le cas [&hellip;]\" \/>\n<meta property=\"og:url\" content=\"https:\/\/le-lien-lumineux.ch\/en\/rendez-vous\/formulaire-rdv-cabinet\/\" \/>\n<meta property=\"og:site_name\" content=\"Le lien lumineux - Cornelia Grossenbacher\" \/>\n<meta property=\"article:modified_time\" content=\"2022-08-17T11:50:49+00:00\" \/>\n<meta name=\"twitter:card\" content=\"summary_large_image\" \/>\n<meta name=\"twitter:label1\" content=\"Estimated reading time\" \/>\n\t<meta name=\"twitter:data1\" content=\"1 minute\" \/>\n<script type=\"application\/ld+json\" class=\"yoast-schema-graph\">{\"@context\":\"https:\\\/\\\/schema.org\",\"@graph\":[{\"@type\":\"WebPage\",\"@id\":\"https:\\\/\\\/le-lien-lumineux.ch\\\/rendez-vous\\\/formulaire-rdv-cabinet\\\/\",\"url\":\"https:\\\/\\\/le-lien-lumineux.ch\\\/rendez-vous\\\/formulaire-rdv-cabinet\\\/\",\"name\":\"RDV - cabinet - Le lien lumineux - Cornelia Grossenbacher\",\"isPartOf\":{\"@id\":\"https:\\\/\\\/le-lien-lumineux.ch\\\/#website\"},\"datePublished\":\"2021-12-08T14:38:21+00:00\",\"dateModified\":\"2022-08-17T11:50:49+00:00\",\"breadcrumb\":{\"@id\":\"https:\\\/\\\/le-lien-lumineux.ch\\\/rendez-vous\\\/formulaire-rdv-cabinet\\\/#breadcrumb\"},\"inLanguage\":\"en-GB\",\"potentialAction\":[{\"@type\":\"ReadAction\",\"target\":[\"https:\\\/\\\/le-lien-lumineux.ch\\\/rendez-vous\\\/formulaire-rdv-cabinet\\\/\"]}]},{\"@type\":\"BreadcrumbList\",\"@id\":\"https:\\\/\\\/le-lien-lumineux.ch\\\/rendez-vous\\\/formulaire-rdv-cabinet\\\/#breadcrumb\",\"itemListElement\":[{\"@type\":\"ListItem\",\"position\":1,\"name\":\"Accueil\",\"item\":\"https:\\\/\\\/le-lien-lumineux.ch\\\/\"},{\"@type\":\"ListItem\",\"position\":2,\"name\":\"Rendez-vous\",\"item\":\"https:\\\/\\\/le-lien-lumineux.ch\\\/rendez-vous\\\/\"},{\"@type\":\"ListItem\",\"position\":3,\"name\":\"RDV &#8211; cabinet\"}]},{\"@type\":\"WebSite\",\"@id\":\"https:\\\/\\\/le-lien-lumineux.ch\\\/#website\",\"url\":\"https:\\\/\\\/le-lien-lumineux.ch\\\/\",\"name\":\"Le lien lumineux - Cornelia Grossenbacher\",\"description\":\"Soins \u00e9nerg\u00e9tiques gu\u00e9rissants\",\"potentialAction\":[{\"@type\":\"SearchAction\",\"target\":{\"@type\":\"EntryPoint\",\"urlTemplate\":\"https:\\\/\\\/le-lien-lumineux.ch\\\/?s={search_term_string}\"},\"query-input\":{\"@type\":\"PropertyValueSpecification\",\"valueRequired\":true,\"valueName\":\"search_term_string\"}}],\"inLanguage\":\"en-GB\"}]}<\/script>\n<!-- \/ Yoast SEO plugin. -->","yoast_head_json":{"title":"RDV - cabinet - Le lien lumineux - Cornelia Grossenbacher","robots":{"index":"index","follow":"follow","max-snippet":"max-snippet:-1","max-image-preview":"max-image-preview:large","max-video-preview":"max-video-preview:-1"},"canonical":"https:\/\/le-lien-lumineux.ch\/en\/rendez-vous\/formulaire-rdv-cabinet\/","og_locale":"en_GB","og_type":"article","og_title":"RDV - cabinet - Le lien lumineux - Cornelia Grossenbacher","og_description":"Prendre rendez-vous : en cabinet\u00a0 NOUVEAU: derni\u00e8re prise de rdv \u00e0 19h Vous serez recontact\u00e9 pour le choix de la date La vie nous impose par moment des impr\u00e9vus. Si vous \u00eates oblig\u00e9 d&rsquo;annuler votre rendez-vous, merci de le faire au moins 24h \u00e0 l&rsquo;avance pour que quelqu&rsquo;un d&rsquo;autre puisse en profiter. Dans le cas [&hellip;]","og_url":"https:\/\/le-lien-lumineux.ch\/en\/rendez-vous\/formulaire-rdv-cabinet\/","og_site_name":"Le lien lumineux - Cornelia Grossenbacher","article_modified_time":"2022-08-17T11:50:49+00:00","twitter_card":"summary_large_image","twitter_misc":{"Estimated reading time":"1 minute"},"schema":{"@context":"https:\/\/schema.org","@graph":[{"@type":"WebPage","@id":"https:\/\/le-lien-lumineux.ch\/rendez-vous\/formulaire-rdv-cabinet\/","url":"https:\/\/le-lien-lumineux.ch\/rendez-vous\/formulaire-rdv-cabinet\/","name":"RDV - cabinet - Le lien lumineux - Cornelia Grossenbacher","isPartOf":{"@id":"https:\/\/le-lien-lumineux.ch\/#website"},"datePublished":"2021-12-08T14:38:21+00:00","dateModified":"2022-08-17T11:50:49+00:00","breadcrumb":{"@id":"https:\/\/le-lien-lumineux.ch\/rendez-vous\/formulaire-rdv-cabinet\/#breadcrumb"},"inLanguage":"en-GB","potentialAction":[{"@type":"ReadAction","target":["https:\/\/le-lien-lumineux.ch\/rendez-vous\/formulaire-rdv-cabinet\/"]}]},{"@type":"BreadcrumbList","@id":"https:\/\/le-lien-lumineux.ch\/rendez-vous\/formulaire-rdv-cabinet\/#breadcrumb","itemListElement":[{"@type":"ListItem","position":1,"name":"Accueil","item":"https:\/\/le-lien-lumineux.ch\/"},{"@type":"ListItem","position":2,"name":"Rendez-vous","item":"https:\/\/le-lien-lumineux.ch\/rendez-vous\/"},{"@type":"ListItem","position":3,"name":"RDV &#8211; cabinet"}]},{"@type":"WebSite","@id":"https:\/\/le-lien-lumineux.ch\/#website","url":"https:\/\/le-lien-lumineux.ch\/","name":"Le lien lumineux - Cornelia Grossenbacher","description":"Soins \u00e9nerg\u00e9tiques gu\u00e9rissants","potentialAction":[{"@type":"SearchAction","target":{"@type":"EntryPoint","urlTemplate":"https:\/\/le-lien-lumineux.ch\/?s={search_term_string}"},"query-input":{"@type":"PropertyValueSpecification","valueRequired":true,"valueName":"search_term_string"}}],"inLanguage":"en-GB"}]}},"_links":{"self":[{"href":"https:\/\/le-lien-lumineux.ch\/en\/wp-json\/wp\/v2\/pages\/805","targetHints":{"allow":["GET"]}}],"collection":[{"href":"https:\/\/le-lien-lumineux.ch\/en\/wp-json\/wp\/v2\/pages"}],"about":[{"href":"https:\/\/le-lien-lumineux.ch\/en\/wp-json\/wp\/v2\/types\/page"}],"author":[{"embeddable":true,"href":"https:\/\/le-lien-lumineux.ch\/en\/wp-json\/wp\/v2\/users\/1"}],"replies":[{"embeddable":true,"href":"https:\/\/le-lien-lumineux.ch\/en\/wp-json\/wp\/v2\/comments?post=805"}],"version-history":[{"count":46,"href":"https:\/\/le-lien-lumineux.ch\/en\/wp-json\/wp\/v2\/pages\/805\/revisions"}],"predecessor-version":[{"id":2330,"href":"https:\/\/le-lien-lumineux.ch\/en\/wp-json\/wp\/v2\/pages\/805\/revisions\/2330"}],"up":[{"embeddable":true,"href":"https:\/\/le-lien-lumineux.ch\/en\/wp-json\/wp\/v2\/pages\/133"}],"wp:attachment":[{"href":"https:\/\/le-lien-lumineux.ch\/en\/wp-json\/wp\/v2\/media?parent=805"}],"curies":[{"name":"wp","href":"https:\/\/api.w.org\/{rel}","templated":true}]}}