{"id":133,"date":"2021-12-04T01:05:24","date_gmt":"2021-12-04T01:05:24","guid":{"rendered":"https:\/\/le-lien-lumineux.ch\/?page_id=133"},"modified":"2026-04-10T18:55:17","modified_gmt":"2026-04-10T18:55:17","slug":"rendez-vous","status":"publish","type":"page","link":"https:\/\/le-lien-lumineux.ch\/en\/rendez-vous\/","title":{"rendered":"Appointment"},"content":{"rendered":"<div data-elementor-type=\"wp-page\" data-elementor-id=\"133\" class=\"elementor elementor-133\">\n\t\t\t\t\t\t<section class=\"elementor-section elementor-top-section elementor-element elementor-element-135b5de elementor-section-height-min-height elementor-section-boxed elementor-section-height-default elementor-section-items-middle\" data-id=\"135b5de\" data-element_type=\"section\" data-settings=\"{&quot;background_background&quot;:&quot;classic&quot;}\">\n\t\t\t\t\t\t<div class=\"elementor-container elementor-column-gap-default\">\n\t\t\t\t\t<div class=\"elementor-column elementor-col-100 elementor-top-column elementor-element elementor-element-7e33188\" data-id=\"7e33188\" data-element_type=\"column\">\n\t\t\t<div class=\"elementor-widget-wrap elementor-element-populated\">\n\t\t\t\t\t\t<div class=\"elementor-element elementor-element-6557436 elementor-hidden-desktop elementor-hidden-tablet elementor-hidden-mobile elementor-widget elementor-widget-text-editor\" data-id=\"6557436\" data-element_type=\"widget\" data-widget_type=\"text-editor.default\">\n\t\t\t\t<div class=\"elementor-widget-container\">\n\t\t\t\t\t\t\t<p>Appointment<\/p>\t\t\t\t\t\t<\/div>\n\t\t\t\t<\/div>\n\t\t\t\t\t<\/div>\n\t\t<\/div>\n\t\t\t\t\t<\/div>\n\t\t<\/section>\n\t\t\t\t<section class=\"elementor-section elementor-top-section elementor-element elementor-element-715e0be elementor-section-boxed elementor-section-height-default elementor-section-height-default elementor-invisible\" data-id=\"715e0be\" data-element_type=\"section\" data-settings=\"{&quot;animation&quot;:&quot;fadeIn&quot;}\">\n\t\t\t\t\t\t<div class=\"elementor-container elementor-column-gap-default\">\n\t\t\t\t\t<div class=\"elementor-column elementor-col-50 elementor-top-column elementor-element elementor-element-923f2be\" data-id=\"923f2be\" data-element_type=\"column\" data-settings=\"{&quot;background_background&quot;:&quot;classic&quot;}\">\n\t\t\t<div class=\"elementor-widget-wrap elementor-element-populated\">\n\t\t\t\t\t\t<div class=\"elementor-element elementor-element-90a2523 premium-lottie-svg elementor-widget elementor-widget-premium-lottie\" data-id=\"90a2523\" data-element_type=\"widget\" data-settings=\"{&quot;lottie_file&quot;:{&quot;url&quot;:&quot;http:\\\/\\\/le-lien-lumineux.ch\\\/wp-content\\\/uploads\\\/2021\\\/12\\\/43962-calendar-appointment.json&quot;,&quot;id&quot;:830,&quot;size&quot;:&quot;&quot;,&quot;alt&quot;:&quot;&quot;,&quot;source&quot;:&quot;library&quot;}}\" data-widget_type=\"premium-lottie.default\">\n\t\t\t\t<div class=\"elementor-widget-container\">\n\t\t\t\n\t\t<div class=\"premium-lottie-animation\" data-lottie-url=\"http:\/\/le-lien-lumineux.ch\/wp-content\/uploads\/2021\/12\/43962-calendar-appointment.json\" data-lottie-loop=\"true\" data-lottie-reverse=\"\" data-lottie-hover=\"\" data-lottie-speed=\"1\" data-lottie-render=\"svg\">\n\t\t\t\t\t<\/div>\n\n\t\t\t\t<\/div>\n\t\t\t\t<\/div>\n\t\t\t\t<div class=\"elementor-element elementor-element-8b77336 elementor-widget elementor-widget-text-editor\" data-id=\"8b77336\" data-element_type=\"widget\" data-widget_type=\"text-editor.default\">\n\t\t\t\t<div class=\"elementor-widget-container\">\n\t\t\t\t\t\t\t<p>Types of care offered<\/p>\t\t\t\t\t\t<\/div>\n\t\t\t\t<\/div>\n\t\t\t\t<div class=\"elementor-element elementor-element-7fad968 elementor-align-center elementor-widget elementor-widget-button\" data-id=\"7fad968\" data-element_type=\"widget\" data-widget_type=\"button.default\">\n\t\t\t\t<div class=\"elementor-widget-container\">\n\t\t\t\t\t\t\t<div class=\"elementor-button-wrapper\">\n\t\t\t\t\t<a class=\"elementor-button elementor-button-link elementor-size-sm\" href=\"\/en\/formulaire-rdv-cabinet\/\">\n\t\t\t\t\t\t<span class=\"elementor-button-content-wrapper\">\n\t\t\t\t\t\t<span class=\"elementor-button-icon\">\n\t\t\t\t<i aria-hidden=\"true\" class=\"far fa-calendar-alt\"><\/i>\t\t\t<\/span>\n\t\t\t\t\t\t\t\t\t<span class=\"elementor-button-text\">Make an appointment<\/span>\n\t\t\t\t\t<\/span>\n\t\t\t\t\t<\/a>\n\t\t\t\t<\/div>\n\t\t\t\t\t\t<\/div>\n\t\t\t\t<\/div>\n\t\t\t\t\t<\/div>\n\t\t<\/div>\n\t\t\t\t<div class=\"elementor-column elementor-col-50 elementor-top-column elementor-element elementor-element-df959d4\" data-id=\"df959d4\" data-element_type=\"column\" data-settings=\"{&quot;background_background&quot;:&quot;classic&quot;}\">\n\t\t\t<div class=\"elementor-widget-wrap elementor-element-populated\">\n\t\t\t\t\t\t<div class=\"elementor-element elementor-element-6793652 premium-lottie-svg elementor-widget elementor-widget-premium-lottie\" data-id=\"6793652\" data-element_type=\"widget\" data-settings=\"{&quot;lottie_file&quot;:{&quot;url&quot;:&quot;http:\\\/\\\/le-lien-lumineux.ch\\\/wp-content\\\/uploads\\\/2021\\\/12\\\/43967-calendar-appointment.json&quot;,&quot;id&quot;:831,&quot;size&quot;:&quot;&quot;,&quot;alt&quot;:&quot;&quot;,&quot;source&quot;:&quot;library&quot;}}\" data-widget_type=\"premium-lottie.default\">\n\t\t\t\t<div class=\"elementor-widget-container\">\n\t\t\t\n\t\t<div class=\"premium-lottie-animation\" data-lottie-url=\"http:\/\/le-lien-lumineux.ch\/wp-content\/uploads\/2021\/12\/43967-calendar-appointment.json\" data-lottie-loop=\"true\" data-lottie-reverse=\"\" data-lottie-hover=\"\" data-lottie-speed=\"1\" data-lottie-render=\"svg\">\n\t\t\t\t\t<\/div>\n\n\t\t\t\t<\/div>\n\t\t\t\t<\/div>\n\t\t\t\t<div class=\"elementor-element elementor-element-7aa28e2 elementor-widget elementor-widget-text-editor\" data-id=\"7aa28e2\" data-element_type=\"widget\" data-widget_type=\"text-editor.default\">\n\t\t\t\t<div class=\"elementor-widget-container\">\n\t\t\t\t\t\t\tRemote care\/Distance healing\t\t\t\t\t\t<\/div>\n\t\t\t\t<\/div>\n\t\t\t\t<div class=\"elementor-element elementor-element-7f5bdb9 elementor-align-center elementor-widget elementor-widget-button\" data-id=\"7f5bdb9\" data-element_type=\"widget\" data-widget_type=\"button.default\">\n\t\t\t\t<div class=\"elementor-widget-container\">\n\t\t\t\t\t\t\t<div class=\"elementor-button-wrapper\">\n\t\t\t\t\t<a class=\"elementor-button elementor-button-link elementor-size-sm\" href=\"\/en\/formulaire-rdv-distance\/\">\n\t\t\t\t\t\t<span class=\"elementor-button-content-wrapper\">\n\t\t\t\t\t\t<span class=\"elementor-button-icon\">\n\t\t\t\t<i aria-hidden=\"true\" class=\"far fa-calendar-alt\"><\/i>\t\t\t<\/span>\n\t\t\t\t\t\t\t\t\t<span class=\"elementor-button-text\">Make an appointment<\/span>\n\t\t\t\t\t<\/span>\n\t\t\t\t\t<\/a>\n\t\t\t\t<\/div>\n\t\t\t\t\t\t<\/div>\n\t\t\t\t<\/div>\n\t\t\t\t\t<\/div>\n\t\t<\/div>\n\t\t\t\t\t<\/div>\n\t\t<\/section>\n\t\t\t\t<section class=\"elementor-section elementor-top-section elementor-element elementor-element-3b70455 elementor-section-content-middle elementor-section-boxed elementor-section-height-default elementor-section-height-default\" data-id=\"3b70455\" data-element_type=\"section\" id=\"footer-main\" data-settings=\"{&quot;background_background&quot;:&quot;classic&quot;}\">\n\t\t\t\t\t\t\t<div class=\"elementor-background-overlay\"><\/div>\n\t\t\t\t\t\t\t<div class=\"elementor-container elementor-column-gap-default\">\n\t\t\t\t\t<div class=\"elementor-column elementor-col-33 elementor-top-column elementor-element elementor-element-da672b9\" data-id=\"da672b9\" data-element_type=\"column\">\n\t\t\t<div class=\"elementor-widget-wrap elementor-element-populated\">\n\t\t\t\t\t\t<div class=\"elementor-element elementor-element-62aae30 elementor-widget elementor-widget-text-editor\" data-id=\"62aae30\" data-element_type=\"widget\" data-widget_type=\"text-editor.default\">\n\t\t\t\t<div class=\"elementor-widget-container\">\n\t\t\t\t\t\t\tUseful links\t\t\t\t\t\t<\/div>\n\t\t\t\t<\/div>\n\t\t\t\t<div class=\"elementor-element elementor-element-dd1e8ec elementor-widget elementor-widget-text-editor\" data-id=\"dd1e8ec\" data-element_type=\"widget\" data-widget_type=\"text-editor.default\">\n\t\t\t\t<div class=\"elementor-widget-container\">\n\t\t\t\t\t\t\t<a href=\"https:\/\/le-lien-lumineux.ch\/en\/\">Home<\/a>\t\t\t\t\t\t<\/div>\n\t\t\t\t<\/div>\n\t\t\t\t<div class=\"elementor-element elementor-element-dd080cc elementor-widget elementor-widget-text-editor\" data-id=\"dd080cc\" data-element_type=\"widget\" data-widget_type=\"text-editor.default\">\n\t\t\t\t<div class=\"elementor-widget-container\">\n\t\t\t\t\t\t\t<a href=\"\/en\/qui-suis-je\/\">About me<\/a>\t\t\t\t\t\t<\/div>\n\t\t\t\t<\/div>\n\t\t\t\t<div class=\"elementor-element elementor-element-eea2ebd elementor-widget elementor-widget-text-editor\" data-id=\"eea2ebd\" data-element_type=\"widget\" data-widget_type=\"text-editor.default\">\n\t\t\t\t<div class=\"elementor-widget-container\">\n\t\t\t\t\t\t\t<a href=\"\/en\/qui-suis-je\/#parcours\">My background<\/a>\t\t\t\t\t\t<\/div>\n\t\t\t\t<\/div>\n\t\t\t\t<div class=\"elementor-element elementor-element-a855493 elementor-widget elementor-widget-text-editor\" data-id=\"a855493\" data-element_type=\"widget\" data-widget_type=\"text-editor.default\">\n\t\t\t\t<div class=\"elementor-widget-container\">\n\t\t\t\t\t\t\t<a href=\"\/en\/temoignages\/\">Testimonials<\/a>\t\t\t\t\t\t<\/div>\n\t\t\t\t<\/div>\n\t\t\t\t\t<\/div>\n\t\t<\/div>\n\t\t\t\t<div class=\"elementor-column elementor-col-33 elementor-top-column elementor-element elementor-element-7729d86\" data-id=\"7729d86\" data-element_type=\"column\">\n\t\t\t<div class=\"elementor-widget-wrap elementor-element-populated\">\n\t\t\t\t\t\t<div class=\"elementor-element elementor-element-d085161 elementor-widget elementor-widget-text-editor\" data-id=\"d085161\" data-element_type=\"widget\" data-widget_type=\"text-editor.default\">\n\t\t\t\t<div class=\"elementor-widget-container\">\n\t\t\t\t\t\t\tCare\t\t\t\t\t\t<\/div>\n\t\t\t\t<\/div>\n\t\t\t\t<div class=\"elementor-element elementor-element-552329e elementor-widget elementor-widget-text-editor\" data-id=\"552329e\" data-element_type=\"widget\" data-widget_type=\"text-editor.default\">\n\t\t\t\t<div class=\"elementor-widget-container\">\n\t\t\t\t\t\t\t<a href=\"\/en\/soins\/\">Types of care offered<\/a>\t\t\t\t\t\t<\/div>\n\t\t\t\t<\/div>\n\t\t\t\t<div class=\"elementor-element elementor-element-5f7a0bb elementor-widget elementor-widget-text-editor\" data-id=\"5f7a0bb\" data-element_type=\"widget\" data-widget_type=\"text-editor.default\">\n\t\t\t\t<div class=\"elementor-widget-container\">\n\t\t\t\t\t\t\t<a href=\"\/en\/soins\/#distance\">Remote care\/Distance healing<\/a>\t\t\t\t\t\t<\/div>\n\t\t\t\t<\/div>\n\t\t\t\t<div class=\"elementor-element elementor-element-00af7e1 elementor-widget elementor-widget-text-editor\" data-id=\"00af7e1\" data-element_type=\"widget\" data-widget_type=\"text-editor.default\">\n\t\t\t\t<div class=\"elementor-widget-container\">\n\t\t\t\t\t\t\t<a href=\"\/en\/soins\/#prix\">Care prices<\/a>\t\t\t\t\t\t<\/div>\n\t\t\t\t<\/div>\n\t\t\t\t<div class=\"elementor-element elementor-element-3a2448c elementor-widget elementor-widget-text-editor\" data-id=\"3a2448c\" data-element_type=\"widget\" data-widget_type=\"text-editor.default\">\n\t\t\t\t<div class=\"elementor-widget-container\">\n\t\t\t\t\t\t\t<a href=\"\/en\/rendez-vous\/\">Make an appointment<\/a>\t\t\t\t\t\t<\/div>\n\t\t\t\t<\/div>\n\t\t\t\t\t<\/div>\n\t\t<\/div>\n\t\t\t\t<div class=\"elementor-column elementor-col-33 elementor-top-column elementor-element elementor-element-216e8c3\" data-id=\"216e8c3\" data-element_type=\"column\">\n\t\t\t<div class=\"elementor-widget-wrap elementor-element-populated\">\n\t\t\t\t\t\t<div class=\"elementor-element elementor-element-c385b9b elementor-widget elementor-widget-text-editor\" data-id=\"c385b9b\" data-element_type=\"widget\" data-widget_type=\"text-editor.default\">\n\t\t\t\t<div class=\"elementor-widget-container\">\n\t\t\t\t\t\t\tContact\t\t\t\t\t\t<\/div>\n\t\t\t\t<\/div>\n\t\t\t\t<div class=\"elementor-element elementor-element-db85147 elementor-widget elementor-widget-text-editor\" data-id=\"db85147\" data-element_type=\"widget\" data-widget_type=\"text-editor.default\">\n\t\t\t\t<div class=\"elementor-widget-container\">\n\t\t\t\t\t\t\t<a href=\"\/en\/contact\/#formulaire\">Contact form<\/a>\t\t\t\t\t\t<\/div>\n\t\t\t\t<\/div>\n\t\t\t\t<div class=\"elementor-element elementor-element-330a1e5 elementor-widget elementor-widget-text-editor\" data-id=\"330a1e5\" data-element_type=\"widget\" data-widget_type=\"text-editor.default\">\n\t\t\t\t<div class=\"elementor-widget-container\">\n\t\t\t\t\t\t\t<a href=\"\/en\/contact\/\">Office address<\/a>\t\t\t\t\t\t<\/div>\n\t\t\t\t<\/div>\n\t\t\t\t<div class=\"elementor-element elementor-element-45af895 elementor-widget elementor-widget-text-editor\" data-id=\"45af895\" data-element_type=\"widget\" data-widget_type=\"text-editor.default\">\n\t\t\t\t<div class=\"elementor-widget-container\">\n\t\t\t\t\t\t\t076 537 89 81\t\t\t\t\t\t<\/div>\n\t\t\t\t<\/div>\n\t\t\t\t<div class=\"elementor-element elementor-element-72d6060 elementor-widget elementor-widget-text-editor\" data-id=\"72d6060\" data-element_type=\"widget\" data-widget_type=\"text-editor.default\">\n\t\t\t\t<div class=\"elementor-widget-container\">\n\t\t\t\t\t\t\t<a href=\"mailto:cornelia@le-lien-lumineux.ch\">cornelia@le-lien-lumineux.ch<\/a>\t\t\t\t\t\t<\/div>\n\t\t\t\t<\/div>\n\t\t\t\t\t<\/div>\n\t\t<\/div>\n\t\t\t\t\t<\/div>\n\t\t<\/section>\n\t\t\t\t<section class=\"elementor-section elementor-top-section elementor-element elementor-element-a2e8761 elementor-section-content-middle elementor-section-boxed elementor-section-height-default elementor-section-height-default\" data-id=\"a2e8761\" data-element_type=\"section\" data-settings=\"{&quot;background_background&quot;:&quot;classic&quot;}\">\n\t\t\t\t\t\t\t<div class=\"elementor-background-overlay\"><\/div>\n\t\t\t\t\t\t\t<div class=\"elementor-container elementor-column-gap-default\">\n\t\t\t\t\t<div class=\"elementor-column elementor-col-100 elementor-top-column elementor-element elementor-element-f256adb\" data-id=\"f256adb\" data-element_type=\"column\">\n\t\t\t<div class=\"elementor-widget-wrap elementor-element-populated\">\n\t\t\t\t\t\t<div class=\"elementor-element elementor-element-045c9aa elementor-widget elementor-widget-text-editor\" data-id=\"045c9aa\" data-element_type=\"widget\" data-widget_type=\"text-editor.default\">\n\t\t\t\t<div class=\"elementor-widget-container\">\n\t\t\t\t\t\t\t\u00a9 Copyright 2021 \u2013 le-lien-lumineux.ch | Website made in Switzerland by <a href=\"http:\/\/fleak-media.com\" target=\"_blank\" rel=\"noopener\"><span style=\"text-decoration: underline;\">Fleak Media<\/span><\/a>\t\t\t\t\t\t<\/div>\n\t\t\t\t<\/div>\n\t\t\t\t\t<\/div>\n\t\t<\/div>\n\t\t\t\t\t<\/div>\n\t\t<\/section>\n\t\t\t\t<\/div>","protected":false},"excerpt":{"rendered":"<p>Rendez-vous Soins en cabinet Prendre rendez-vous Soins \u00e0 distance Prendre rendez-vous Liens utilesAccueilQui suis-je ?Mon parcoursT\u00e9moignagesSoinsSoins en cabinetSoins \u00e0 distancePrix des soinsPrendre rendez-vousContactFormulaire de contactAdresse du cabinet076 537 89 81cornelia@le-lien-lumineux.ch\u00a9 Copyright 2021 &#8211; le-lien-lumineux.ch | Site web r\u00e9alis\u00e9 en Suisse par Fleak Media<\/p>","protected":false},"author":1,"featured_media":0,"parent":0,"menu_order":0,"comment_status":"closed","ping_status":"closed","template":"elementor_header_footer","meta":{"_acf_changed":false,"footnotes":""},"class_list":["post-133","page","type-page","status-publish","hentry"],"acf":[],"yoast_head":"<!-- This site is optimized with the Yoast SEO plugin v27.5 - https:\/\/yoast.com\/product\/yoast-seo-wordpress\/ -->\n<title>Rendez-vous - Le lien lumineux - Cornelia Grossenbacher<\/title>\n<meta name=\"robots\" content=\"index, follow, max-snippet:-1, max-image-preview:large, max-video-preview:-1\" \/>\n<link rel=\"canonical\" href=\"https:\/\/le-lien-lumineux.ch\/en\/rendez-vous\/\" \/>\n<meta property=\"og:locale\" content=\"en_GB\" \/>\n<meta property=\"og:type\" content=\"article\" \/>\n<meta property=\"og:title\" content=\"Rendez-vous - Le lien lumineux - Cornelia Grossenbacher\" \/>\n<meta property=\"og:description\" content=\"Rendez-vous Soins en cabinet Prendre rendez-vous Soins \u00e0 distance Prendre rendez-vous Liens utilesAccueilQui suis-je ?Mon parcoursT\u00e9moignagesSoinsSoins en cabinetSoins \u00e0 distancePrix des soinsPrendre rendez-vousContactFormulaire de contactAdresse du cabinet076 537 89 81cornelia@le-lien-lumineux.ch\u00a9 Copyright 2021 &#8211; le-lien-lumineux.ch | Site web r\u00e9alis\u00e9 en Suisse par Fleak Media\" \/>\n<meta property=\"og:url\" content=\"https:\/\/le-lien-lumineux.ch\/en\/rendez-vous\/\" \/>\n<meta property=\"og:site_name\" content=\"Le lien lumineux - Cornelia Grossenbacher\" \/>\n<meta property=\"article:modified_time\" content=\"2026-04-10T18:55:17+00:00\" \/>\n<meta name=\"twitter:card\" content=\"summary_large_image\" \/>\n<meta name=\"twitter:label1\" content=\"Estimated reading time\" \/>\n\t<meta name=\"twitter:data1\" content=\"1 minute\" \/>\n<script type=\"application\/ld+json\" class=\"yoast-schema-graph\">{\"@context\":\"https:\\\/\\\/schema.org\",\"@graph\":[{\"@type\":\"WebPage\",\"@id\":\"https:\\\/\\\/le-lien-lumineux.ch\\\/rendez-vous\\\/\",\"url\":\"https:\\\/\\\/le-lien-lumineux.ch\\\/rendez-vous\\\/\",\"name\":\"Rendez-vous - Le lien lumineux - Cornelia Grossenbacher\",\"isPartOf\":{\"@id\":\"https:\\\/\\\/le-lien-lumineux.ch\\\/#website\"},\"datePublished\":\"2021-12-04T01:05:24+00:00\",\"dateModified\":\"2026-04-10T18:55:17+00:00\",\"breadcrumb\":{\"@id\":\"https:\\\/\\\/le-lien-lumineux.ch\\\/rendez-vous\\\/#breadcrumb\"},\"inLanguage\":\"en-GB\",\"potentialAction\":[{\"@type\":\"ReadAction\",\"target\":[\"https:\\\/\\\/le-lien-lumineux.ch\\\/rendez-vous\\\/\"]}]},{\"@type\":\"BreadcrumbList\",\"@id\":\"https:\\\/\\\/le-lien-lumineux.ch\\\/rendez-vous\\\/#breadcrumb\",\"itemListElement\":[{\"@type\":\"ListItem\",\"position\":1,\"name\":\"Accueil\",\"item\":\"https:\\\/\\\/le-lien-lumineux.ch\\\/\"},{\"@type\":\"ListItem\",\"position\":2,\"name\":\"Rendez-vous\"}]},{\"@type\":\"WebSite\",\"@id\":\"https:\\\/\\\/le-lien-lumineux.ch\\\/#website\",\"url\":\"https:\\\/\\\/le-lien-lumineux.ch\\\/\",\"name\":\"Le lien lumineux - Cornelia Grossenbacher\",\"description\":\"Soins \u00e9nerg\u00e9tiques gu\u00e9rissants\",\"potentialAction\":[{\"@type\":\"SearchAction\",\"target\":{\"@type\":\"EntryPoint\",\"urlTemplate\":\"https:\\\/\\\/le-lien-lumineux.ch\\\/?s={search_term_string}\"},\"query-input\":{\"@type\":\"PropertyValueSpecification\",\"valueRequired\":true,\"valueName\":\"search_term_string\"}}],\"inLanguage\":\"en-GB\"}]}<\/script>\n<!-- \/ Yoast SEO plugin. -->","yoast_head_json":{"title":"Rendez-vous - Le lien lumineux - Cornelia Grossenbacher","robots":{"index":"index","follow":"follow","max-snippet":"max-snippet:-1","max-image-preview":"max-image-preview:large","max-video-preview":"max-video-preview:-1"},"canonical":"https:\/\/le-lien-lumineux.ch\/en\/rendez-vous\/","og_locale":"en_GB","og_type":"article","og_title":"Rendez-vous - Le lien lumineux - Cornelia Grossenbacher","og_description":"Rendez-vous Soins en cabinet Prendre rendez-vous Soins \u00e0 distance Prendre rendez-vous Liens utilesAccueilQui suis-je ?Mon parcoursT\u00e9moignagesSoinsSoins en cabinetSoins \u00e0 distancePrix des soinsPrendre rendez-vousContactFormulaire de contactAdresse du cabinet076 537 89 81cornelia@le-lien-lumineux.ch\u00a9 Copyright 2021 &#8211; le-lien-lumineux.ch | Site web r\u00e9alis\u00e9 en Suisse par Fleak Media","og_url":"https:\/\/le-lien-lumineux.ch\/en\/rendez-vous\/","og_site_name":"Le lien lumineux - Cornelia Grossenbacher","article_modified_time":"2026-04-10T18:55:17+00:00","twitter_card":"summary_large_image","twitter_misc":{"Estimated reading time":"1 minute"},"schema":{"@context":"https:\/\/schema.org","@graph":[{"@type":"WebPage","@id":"https:\/\/le-lien-lumineux.ch\/rendez-vous\/","url":"https:\/\/le-lien-lumineux.ch\/rendez-vous\/","name":"Rendez-vous - Le lien lumineux - Cornelia Grossenbacher","isPartOf":{"@id":"https:\/\/le-lien-lumineux.ch\/#website"},"datePublished":"2021-12-04T01:05:24+00:00","dateModified":"2026-04-10T18:55:17+00:00","breadcrumb":{"@id":"https:\/\/le-lien-lumineux.ch\/rendez-vous\/#breadcrumb"},"inLanguage":"en-GB","potentialAction":[{"@type":"ReadAction","target":["https:\/\/le-lien-lumineux.ch\/rendez-vous\/"]}]},{"@type":"BreadcrumbList","@id":"https:\/\/le-lien-lumineux.ch\/rendez-vous\/#breadcrumb","itemListElement":[{"@type":"ListItem","position":1,"name":"Accueil","item":"https:\/\/le-lien-lumineux.ch\/"},{"@type":"ListItem","position":2,"name":"Rendez-vous"}]},{"@type":"WebSite","@id":"https:\/\/le-lien-lumineux.ch\/#website","url":"https:\/\/le-lien-lumineux.ch\/","name":"Le lien lumineux - Cornelia Grossenbacher","description":"Soins \u00e9nerg\u00e9tiques gu\u00e9rissants","potentialAction":[{"@type":"SearchAction","target":{"@type":"EntryPoint","urlTemplate":"https:\/\/le-lien-lumineux.ch\/?s={search_term_string}"},"query-input":{"@type":"PropertyValueSpecification","valueRequired":true,"valueName":"search_term_string"}}],"inLanguage":"en-GB"}]}},"_links":{"self":[{"href":"https:\/\/le-lien-lumineux.ch\/en\/wp-json\/wp\/v2\/pages\/133","targetHints":{"allow":["GET"]}}],"collection":[{"href":"https:\/\/le-lien-lumineux.ch\/en\/wp-json\/wp\/v2\/pages"}],"about":[{"href":"https:\/\/le-lien-lumineux.ch\/en\/wp-json\/wp\/v2\/types\/page"}],"author":[{"embeddable":true,"href":"https:\/\/le-lien-lumineux.ch\/en\/wp-json\/wp\/v2\/users\/1"}],"replies":[{"embeddable":true,"href":"https:\/\/le-lien-lumineux.ch\/en\/wp-json\/wp\/v2\/comments?post=133"}],"version-history":[{"count":106,"href":"https:\/\/le-lien-lumineux.ch\/en\/wp-json\/wp\/v2\/pages\/133\/revisions"}],"predecessor-version":[{"id":2456,"href":"https:\/\/le-lien-lumineux.ch\/en\/wp-json\/wp\/v2\/pages\/133\/revisions\/2456"}],"wp:attachment":[{"href":"https:\/\/le-lien-lumineux.ch\/en\/wp-json\/wp\/v2\/media?parent=133"}],"curies":[{"name":"wp","href":"https:\/\/api.w.org\/{rel}","templated":true}]}}